{"id":7,"date":"2010-04-13T15:20:30","date_gmt":"2010-04-13T13:20:30","guid":{"rendered":"http:\/\/www.juliane-wiedemeier.de\/?page_id=7"},"modified":"2024-12-19T12:09:19","modified_gmt":"2024-12-19T11:09:19","slug":"texte","status":"publish","type":"page","link":"https:\/\/www.juliane-schader.de\/?page_id=7","title":{"rendered":"Vita"},"content":{"rendered":"<p style=\"text-align: left;\"><img fetchpriority=\"high\" decoding=\"async\" class=\"wp-image-3335 alignright\" src=\"http:\/\/www.juliane-wiedemeier.de\/wp-content\/uploads\/2018\/10\/265A1708b-1.jpg\" alt=\"\" width=\"311\" height=\"467\" \/>Mein Name ist Juliane und ich bin auch nicht gl\u00fccklich, dass ich mit diesem Satz auf ewig Juliane Werding zitieren muss.<\/p>\n<p style=\"text-align: left;\">Geboren wurde ich 1982 in einer westf\u00e4lischen Stadt mit Dehnungs-E (nein, es hei\u00dft nicht S\u00f6st), wo ich es so sch\u00f6n fand, dass ich nach meinem Abi 2002 sofort nach Berlin zog. Dort studierte ich Publizistik und Geographie und musste sehr oft die Frage beantworten, ob ich mit dieser Kombination nicht bei Geo arbeiten wolle.<\/p>\n<p>Wollte ich zwar, doch wir schrieben das Jahr 2007 und auf mich wartete erstmal ein Praktikum, ein Praktikum und dann noch ein Praktikum\u00a0und danach ein Volontariat bei der Journalistenschule mit dem klangvollen Namen Ruhr und der Braunschweiger Zeitung.<\/p>\n<p>2010 war das auch erledigt, ich ging zur\u00fcck nach Berlin und wurde nicht nur freie Journalistin, sondern auch\u00a0Gr\u00fcndungsredakteurin der\u00a0Prenzlauer Berg Nachrichten.\u00a0In den Jahren darauf\u00a0wurde die kleine Zeitung f\u00fcr den Grimme-Online-Award nominiert und ich vom Medium-Magazin unter die zehn besten\u00a0Newcomer- und Lokaljournalisten gew\u00e4hlt. Sowas soll ja in den besten Familien vorkommen.<\/p>\n<p>F\u00fcnf Jahre lang habe ich Filterkaffeetrinkend unz\u00e4hlige Milchkaffeewitze ertragen und nebenher jeden Pflasterstein des Viertels pers\u00f6nlich kennengelernt. Doch dann war Zeit f\u00fcr Neues. Also \u00fcberlie\u00df ich die PBN der n\u00e4chsten Generation und begann, nicht nur \u00fcber Berlin, sondern auch \u00fcber Medien und Stadtentwicklung zu schreiben.<\/p>\n<p>taz? Frankfurter Allgemeine Sonntagszeitung? \u00dcbermedien? Buzzfeed? Habe ich alles schon f\u00fcr geschrieben, zudem diverse Reisef\u00fchrer f\u00fcr Marco Polo (darunter die B\u00e4nde \u00fcber Berlin und Potsdam) und Brosch\u00fcren und Kataloge etwa f\u00fcr die Berliner Kulturprojekte. Zudem habe ich in Kursen z.B. an der Berliner und der Schweizer Journalistenschule die sch\u00f6ne Kunst des Online- und Lokaljournalismus vermittelt. Moderiert, Kuratiert und Stipendiums-gef\u00f6rdert Recherchiert habe ich zudem, und mit <a href=\"https:\/\/zentraleorte.substack.com\">Zentrale Orte<\/a> meinen eigenen Stadt-Newsletter betrieben.<\/p>\n<p>Man sieht: Irgendwas mit St\u00e4dten im Allgemeinen, Berlin im Speziellen und Lokalem zieht sich durch mein berufliches Leben, und da ist es nur konsequent, dass ich im Fr\u00fchjahr 2024 die Prenzlauer Berg Nachrichten zur\u00fcck\u00fcbernommen habe und dort nun ausprobiere, wie Lokaljournalismus aussehen muss, damit er in unsere bunte, Ai-gest\u00fctzte News-Avoidance-Tiktok-Welt passt (und nicht wie bisher nach Druckerpresse riecht).<\/p>\n<p>Das ist ziemlich cool und macht Spa\u00df, l\u00e4sst aber nebenher noch Zeit, alles oben Erw\u00e4hnte auch gegen Geld f\u00fcr alle zu machen, die freundlich fragen und nicht von der Atom-Lobby kommen. Solange ich nicht singen, tanzen oder Schmink-Tutorials mit angeschlossener Schleichwerbung geben muss, bin ich f\u00fcr alles offen.<\/p>\n\n\n<p><\/p>\n","protected":false},"excerpt":{"rendered":"<p>Mein Name ist Juliane und ich bin auch nicht gl\u00fccklich, dass ich mit diesem Satz auf ewig Juliane Werding zitieren muss. Geboren wurde ich 1982 in einer westf\u00e4lischen Stadt mit Dehnungs-E (nein, es hei\u00dft nicht S\u00f6st), wo ich es so sch\u00f6n fand, dass ich nach meinem Abi 2002 sofort nach Berlin zog. Dort studierte ich [&hellip;]<\/p>\n","protected":false},"author":1,"featured_media":0,"parent":0,"menu_order":1,"comment_status":"closed","ping_status":"closed","template":"","meta":{"footnotes":""},"class_list":["post-7","page","type-page","status-publish","hentry"],"_links":{"self":[{"href":"https:\/\/www.juliane-schader.de\/index.php?rest_route=\/wp\/v2\/pages\/7","targetHints":{"allow":["GET"]}}],"collection":[{"href":"https:\/\/www.juliane-schader.de\/index.php?rest_route=\/wp\/v2\/pages"}],"about":[{"href":"https:\/\/www.juliane-schader.de\/index.php?rest_route=\/wp\/v2\/types\/page"}],"author":[{"embeddable":true,"href":"https:\/\/www.juliane-schader.de\/index.php?rest_route=\/wp\/v2\/users\/1"}],"replies":[{"embeddable":true,"href":"https:\/\/www.juliane-schader.de\/index.php?rest_route=%2Fwp%2Fv2%2Fcomments&post=7"}],"version-history":[{"count":77,"href":"https:\/\/www.juliane-schader.de\/index.php?rest_route=\/wp\/v2\/pages\/7\/revisions"}],"predecessor-version":[{"id":3556,"href":"https:\/\/www.juliane-schader.de\/index.php?rest_route=\/wp\/v2\/pages\/7\/revisions\/3556"}],"wp:attachment":[{"href":"https:\/\/www.juliane-schader.de\/index.php?rest_route=%2Fwp%2Fv2%2Fmedia&parent=7"}],"curies":[{"name":"wp","href":"https:\/\/api.w.org\/{rel}","templated":true}]}}